{"id":281,"date":"2026-02-03T20:00:44","date_gmt":"2026-02-03T20:00:44","guid":{"rendered":"https:\/\/grupoms.es\/?page_id=281"},"modified":"2026-03-19T17:14:31","modified_gmt":"2026-03-19T17:14:31","slug":"politica-de-privacidad","status":"publish","type":"page","link":"https:\/\/grupoms.es\/?page_id=281","title":{"rendered":"Pol\u00edtica de Cookies"},"content":{"rendered":"\t\t<div data-elementor-type=\"wp-page\" data-elementor-id=\"281\" class=\"elementor elementor-281\" data-elementor-post-type=\"page\">\n\t\t\t\t<div class=\"elementor-element elementor-element-751878c e-flex e-con-boxed e-con e-parent\" data-id=\"751878c\" data-element_type=\"container\" data-e-type=\"container\">\n\t\t\t\t\t<div class=\"e-con-inner\">\n\t\t\t\t<div class=\"elementor-element elementor-element-48d1b27 elementor-widget elementor-widget-heading\" data-id=\"48d1b27\" data-element_type=\"widget\" data-e-type=\"widget\" data-widget_type=\"heading.default\">\n\t\t\t\t\t<h2 class=\"elementor-heading-title elementor-size-default\">Pol\u00edtica de Cookies<\/h2>\t\t\t\t<\/div>\n\t\t\t\t<div class=\"elementor-element elementor-element-c9a8b2d elementor-widget elementor-widget-text-editor\" data-id=\"c9a8b2d\" data-element_type=\"widget\" data-e-type=\"widget\" data-widget_type=\"text-editor.default\">\n\t\t\t\t\t\t\t\t\t<p>La confianza y privacidad del usuario son importantes para nosotros. Por ello, queremos informarte sobre c\u00f3mo usamos el almacenamiento local de datos y tecnolog\u00edas similares, incluyendo las cookies, en nuestro sitio web.<\/p><p>El almacenamiento local de datos permite guardar distintos tipos de informaci\u00f3n en tu dispositivo a trav\u00e9s de tu navegador, como preferencias de usuario, informaci\u00f3n sobre la navegaci\u00f3n en nuestro sitio y el tipo de navegador que usas. Esto se utiliza para personalizar el contenido y mejorar tu experiencia de navegaci\u00f3n.<\/p><h4>\u00a0<\/h4><h4><strong>\u00bfQu\u00e9 son las Cookies?<\/strong><\/h4><p>Las cookies son peque\u00f1os archivos de texto que se almacenan en tu dispositivo (PC, tel\u00e9fono m\u00f3vil o tableta) y permiten reconocer tu navegador web. Contienen informaci\u00f3n sobre tu actividad de navegaci\u00f3n y ayudan a garantizar la seguridad y el funcionamiento \u00f3ptimo de nuestro sitio web. Utilizamos cookies de sesi\u00f3n (que se eliminan al salir del sitio) y cookies de seguimiento, que recopilan informaci\u00f3n sobre tus intereses y navegaci\u00f3n para hacer nuestras ofertas online m\u00e1s atractivas.<\/p><p>\u00a0<\/p><h4><strong>Finalidades de las Cookies<\/strong><\/h4><p>Utilizamos cookies y el almacenamiento local de datos para los siguientes fines:<\/p><ol class=\"wp-block-list\"><li><strong>Publicidad<\/strong><br \/>Las cookies nos ayudan a saber si has visto un anuncio y con qu\u00e9 frecuencia. Adem\u00e1s, utilizamos esta informaci\u00f3n para construir segmentos de audiencia y ofrecerte anuncios relevantes.<\/li><li><strong>An\u00e1lisis y Mejora de Servicios<\/strong><br \/>Empleamos herramientas de medici\u00f3n para obtener estad\u00edsticas sobre el tr\u00e1fico y uso de nuestros servicios. Estas herramientas nos permiten identificar usuarios recurrentes y conocer el n\u00famero de visitantes \u00fanicos, lo cual nos ayuda a mejorar nuestros servicios.<\/li><li><strong>Personalizaci\u00f3n de los Servicios<\/strong><br \/>Utilizamos cookies para recordar tus configuraciones y preferencias y para adaptar nuestros servicios a tus necesidades. Esto asegura que los contenidos se muestren de la manera m\u00e1s adecuada a tu navegador y dispositivo.<\/li><\/ol><p>\u00a0<\/p><h4><strong>Gesti\u00f3n de las Cookies<\/strong><\/h4><p>Puedes configurar tu navegador para desactivar las cookies o recibir una notificaci\u00f3n cada vez que se env\u00ede una cookie. En las opciones de configuraci\u00f3n de tu navegador, encontrar\u00e1s una lista de cookies almacenadas, permiti\u00e9ndote eliminar aquellas que no desees o ajustar el almacenamiento de cookies. Ten en cuenta que si desactivas las cookies, algunas funciones de nuestro sitio web podr\u00edan verse limitadas.<\/p><p>\u00a0<\/p><h4><strong>Desact<\/strong><strong>ivar o Eliminar Cookies en Diferentes Navegadores:<\/strong><\/h4><ol class=\"wp-block-list\"><li><strong>Google Chrome<\/strong><br \/><ul class=\"wp-block-list\"><li>Para eliminar cookies: Men\u00fa &gt; Configuraci\u00f3n &gt; Privacidad y seguridad &gt; Borrar datos de navegaci\u00f3n &gt; Seleccionar Cookies y otros datos de sitios.<\/li><li>Para bloquear cookies: Men\u00fa &gt; Configuraci\u00f3n &gt; Privacidad y seguridad &gt; Configuraci\u00f3n de sitios &gt; Cookies &gt; Bloquear cookies de terceros.<\/li><\/ul><\/li><li><strong>Mozilla Firefox<\/strong><br \/><ul class=\"wp-block-list\"><li>Para eliminar cookies: Men\u00fa &gt; Opciones &gt; Privacidad y seguridad &gt; Cookies y datos del sitio &gt; Eliminar datos.<\/li><li>Para bloquear cookies: Men\u00fa &gt; Opciones &gt; Privacidad y seguridad &gt; Cookies y datos del sitio &gt; Bloquear cookies y datos de sitios de terceros.<\/li><\/ul><\/li><li><strong>Safari<\/strong><br \/><ul class=\"wp-block-list\"><li>Para eliminar cookies: Men\u00fa &gt; Preferencias &gt; Privacidad &gt; Gestionar datos de sitios web &gt; Eliminar todo.<\/li><li>Para bloquear cookies: Men\u00fa &gt; Preferencias &gt; Privacidad &gt; Bloquear todas las cookies.<\/li><\/ul><\/li><li><strong>Microsoft Edge<\/strong><br \/><ul class=\"wp-block-list\"><li>Para eliminar cookies: Men\u00fa &gt; Configuraci\u00f3n &gt; Privacidad, b\u00fasqueda y servicios &gt; Elegir qu\u00e9 borrar &gt; Cookies y otros datos de sitios.<\/li><li>Para bloquear cookies: Men\u00fa &gt; Configuraci\u00f3n &gt; Cookies y permisos de sitio &gt; Administrar y eliminar cookies y datos de sitio &gt; Bloquear todas las cookies.<\/li><\/ul><\/li><\/ol>\t\t\t\t\t\t\t\t<\/div>\n\t\t\t\t\t<\/div>\n\t\t\t\t<\/div>\n\t\t\t\t<\/div>\n\t\t","protected":false},"excerpt":{"rendered":"<p>La confianza y privacidad del usuario son importantes para nosotros. Por ello, queremos informarte sobre c\u00f3mo usamos el almacenamiento local de datos y tecnolog\u00edas similares, incluyendo las cookies, en nuestro sitio web. El almacenamiento local de datos permite guardar distintos tipos de informaci\u00f3n en tu dispositivo a trav\u00e9s de tu navegador, como preferencias de usuario, [&hellip;]<\/p>\n","protected":false},"author":1,"featured_media":0,"parent":0,"menu_order":0,"comment_status":"closed","ping_status":"closed","template":"elementor_header_footer","meta":{"footnotes":""},"class_list":["post-281","page","type-page","status-publish","hentry"],"_links":{"self":[{"href":"https:\/\/grupoms.es\/index.php?rest_route=\/wp\/v2\/pages\/281","targetHints":{"allow":["GET"]}}],"collection":[{"href":"https:\/\/grupoms.es\/index.php?rest_route=\/wp\/v2\/pages"}],"about":[{"href":"https:\/\/grupoms.es\/index.php?rest_route=\/wp\/v2\/types\/page"}],"author":[{"embeddable":true,"href":"https:\/\/grupoms.es\/index.php?rest_route=\/wp\/v2\/users\/1"}],"replies":[{"embeddable":true,"href":"https:\/\/grupoms.es\/index.php?rest_route=%2Fwp%2Fv2%2Fcomments&post=281"}],"version-history":[{"count":8,"href":"https:\/\/grupoms.es\/index.php?rest_route=\/wp\/v2\/pages\/281\/revisions"}],"predecessor-version":[{"id":559,"href":"https:\/\/grupoms.es\/index.php?rest_route=\/wp\/v2\/pages\/281\/revisions\/559"}],"wp:attachment":[{"href":"https:\/\/grupoms.es\/index.php?rest_route=%2Fwp%2Fv2%2Fmedia&parent=281"}],"curies":[{"name":"wp","href":"https:\/\/api.w.org\/{rel}","templated":true}]}}