{"id":287,"date":"2026-02-03T20:02:59","date_gmt":"2026-02-03T20:02:59","guid":{"rendered":"https:\/\/grupoms.es\/?page_id=287"},"modified":"2026-03-19T17:14:35","modified_gmt":"2026-03-19T17:14:35","slug":"aviso-legal","status":"publish","type":"page","link":"https:\/\/grupoms.es\/?page_id=287","title":{"rendered":"Aviso Legal"},"content":{"rendered":"\t\t<div data-elementor-type=\"wp-page\" data-elementor-id=\"287\" class=\"elementor elementor-287\" data-elementor-post-type=\"page\">\n\t\t\t\t<div class=\"elementor-element elementor-element-751878c e-flex e-con-boxed e-con e-parent\" data-id=\"751878c\" data-element_type=\"container\" data-e-type=\"container\">\n\t\t\t\t\t<div class=\"e-con-inner\">\n\t\t\t\t<div class=\"elementor-element elementor-element-48d1b27 elementor-widget elementor-widget-heading\" data-id=\"48d1b27\" data-element_type=\"widget\" data-e-type=\"widget\" data-widget_type=\"heading.default\">\n\t\t\t\t\t<h2 class=\"elementor-heading-title elementor-size-default\">Aviso Legal<\/h2>\t\t\t\t<\/div>\n\t\t\t\t<div class=\"elementor-element elementor-element-c9a8b2d elementor-widget elementor-widget-text-editor\" data-id=\"c9a8b2d\" data-element_type=\"widget\" data-e-type=\"widget\" data-widget_type=\"text-editor.default\">\n\t\t\t\t\t\t\t\t\t<p>Esta p\u00e1gina Web es propiedad de GRUPO MS, formado por las siguientes empresas:<\/p><p>MERCHANSERVIS, S.A., titular de la p\u00e1gina web, con NIF n\u00ba A58648031 y domicilio en C\/ Motors, 150 08038 Barcelona (BARCELONA) e Inscrita en el Registro Mercantil de\u00a0Barcelona en el Tomo 10.524 Libro 9.532\u00a0 Inscripci\u00f3n 1\u00aa.<\/p><p>TOTSERIMAN, S.L., con NIF n\u00ba B60629375 y domicilio en C\/ Motors, 150 08038 Barcelona (BARCELONA).<\/p><p>EUROMACLEAN 2001, S.L., con NIF n\u00ba B62978143 y domicilio en C\/ Motors, 150 08038 Barcelona (BARCELONA).<\/p><p>TEDI GESTI\u00d3N DE ESPACIOS DEPORTIVOS, S.L., con NIF n\u00ba B65582140 y domicilio en C\/ Motors, 150 08038 Barcelona (BARCELONA).<\/p><p>FORMACI\u00d3 INTEL\u00b7LIGENT, S.L., con NIF B65814188 y domicilio social en C\/ Vilardell, 38, (08014) Barcelona.<\/p><p>GRUPO A FIELD MARKETING IBERIA, S.L., con NIF n\u00ba B80229354 y domicilio en C\/ Miguel Yuste 23-3\u00ba (28037) Madrid.<\/p><p>ASSET WORK ETT, S.A., con NIF n\u00ba A81444275 y domicilio en C\/ Miguel Yuste 23-3\u00ba (28037) Madrid.<\/p><p>MUNDO TALENTO, S.L., con NIF n\u00ba B64831779 y domicilio en C\/ Miguel Yuste 23-3\u00ba (28037) Madrid.<\/p><p>Para cualquier consulta o propuesta, cont\u00e1ctenos en el e-mail: lopd@merchanservis.com<\/p><p>Esta p\u00e1gina Web se rige por la normativa exclusivamente aplicable en Espa\u00f1a, quedando sometida a ella, tanto nacionales como extranjeros que utilicen esta Web.<\/p><p id=\"fpo2\">El acceso a nuestra p\u00e1gina Web por parte del USUARIO es gratuito y est\u00e1 condicionado a la previa lectura y aceptaci\u00f3n integra, expresa y sin reservas de las presentes CONDICIONES GENERALES DE USO vigentes en el momento del acceso, que rogamos lea detenidamente. El USUARIO en el momento que utiliza nuestro portal, sus contenidos o servicios, acepta y se somete expresamente a las condiciones generales de uso de este. Si el usuario no estuviere de acuerdo con las presentes condiciones de uso, deber\u00e1 abstenerse de utilizar este portal y operar por medio de este.<\/p><p>En cualquier momento podremos modificar la presentaci\u00f3n y configuraci\u00f3n de nuestra Web, ampliar o reducir servicios, e incluso suprimirla de la Red, as\u00ed como los servicios y contenidos prestados, todo ello de forma unilateral y sin previo aviso.<\/p><h3>\u00a0<\/h3><h4><strong>PROPIEDAD INTELECTUAL<\/strong><\/h4><p>Todos los contenidos, textos, im\u00e1genes, v\u00eddeos, marcas y c\u00f3digos fuente son de nuestra propiedad o de terceros a los que se han adquirido sus derechos de explotaci\u00f3n, y est\u00e1n protegidos por los derechos de Propiedad Intelectual e Industrial.<\/p><p>El usuario \u00fanicamente tiene derecho a un uso privado de los mismos, sin \u00e1nimo de lucro, y necesita autorizaci\u00f3n expresa para modificarlos, reproducirlos, explotarlos, distribuirlos o ejercer cualquier derecho perteneciente a su titular.<\/p><p>En el momento en que un individuo hace entrega de fotograf\u00edas, v\u00eddeos, o cualquier otro formato que contenga su imagen, concede al Grupo Merchanservis el permiso para procesar, guardar y utilizar dichos archivos sin finalidades comerciales. El usuario mantendr\u00e1 sus derechos comerciales de imagen y en cualquier momento puede solicitar que los archivos contenedores de su imagen sean retirados de la base de datos del Grupo Merchanservis.<\/p><h5>\u00a0<\/h5><h4><strong>CONDICIONES DE ACCESO<\/strong><\/h4><p>El acceso a nuestra p\u00e1gina Web es gratuito y no exige previa suscripci\u00f3n o registro.<\/p><p>El env\u00edo de datos personales implica la aceptaci\u00f3n expresa por parte del USUARIO de nuestra pol\u00edtica de privacidad.<\/p><p>El usuario debe acceder a nuestra p\u00e1gina Web conforme a la buena fe, las normas de orden p\u00fablico y a las presentes Condiciones Generales de uso. El acceso a nuestro sitio Web se realiza bajo la propia y exclusiva responsabilidad del usuario, que responder\u00e1 en todo caso de los da\u00f1os y perjuicios que pueda causar a terceros o a nosotros mismos.<\/p><p>Teniendo en cuenta la imposibilidad de control respecto a la informaci\u00f3n, contenidos y servicios que contengan otras p\u00e1ginas web a los que se pueda acceder a trav\u00e9s de los enlaces que nuestra p\u00e1gina web pueda poner a su disposici\u00f3n, le comunicamos que quedamos eximidos de cualquier responsabilidad por los da\u00f1os y perjuicios de toda clase que pudiesen derivar por la utilizaci\u00f3n de esas p\u00e1ginas web, ajenas a nuestra empresa, por parte del usuario.<\/p><h4>\u00a0<\/h4><h4><strong>RESPONSABILIDADES<\/strong><\/h4><p>Al poner a disposici\u00f3n del usuario esta p\u00e1gina Web queremos ofrecerle un servicio de calidad, utilizando la m\u00e1xima diligencia en la prestaci\u00f3n de este, as\u00ed como en los medios tecnol\u00f3gicos utilizados. No obstante, no responderemos de la presencia de virus y otros elementos que de alg\u00fan modo puedan da\u00f1ar el sistema inform\u00e1tico del usuario.<\/p><p>No garantizamos que la disponibilidad del servicio sea continua e ininterrumpida.<\/p><p>No nos hacemos responsables de la pol\u00edtica de privacidad respecto a los datos personales que pueda facilitar a terceros por medio de los enlaces disponibles en nuestra p\u00e1gina web.<\/p><p>El USUARIO tiene prohibido cualquier tipo de acci\u00f3n sobre nuestro portal que origine una excesiva sobrecarga de funcionamiento a nuestros sistemas inform\u00e1ticos, as\u00ed como la introducci\u00f3n de virus, o instalaci\u00f3n de robots, o software que altere el normal funcionamiento de nuestra web, o en definitiva pueda causar da\u00f1os a nuestros sistemas inform\u00e1ticos.<\/p><p>El USUARIO asume toda la responsabilidad derivada del uso de nuestra p\u00e1gina web.<\/p><p>El USUARIO reconoce que ha entendido toda la informaci\u00f3n respecto a las condiciones de uso de nuestro portal, y reconoce que son suficientes para la exclusi\u00f3n del error en las mismas, y por lo tanto, las acepta integra y expresamente.<\/p>\t\t\t\t\t\t\t\t<\/div>\n\t\t\t\t\t<\/div>\n\t\t\t\t<\/div>\n\t\t\t\t<\/div>\n\t\t","protected":false},"excerpt":{"rendered":"<p>Esta p\u00e1gina Web es propiedad de GRUPO MS, formado por las siguientes empresas: MERCHANSERVIS, S.A., titular de la p\u00e1gina web, con NIF n\u00ba A58648031 y domicilio en C\/ Motors, 150 08038 Barcelona (BARCELONA) e Inscrita en el Registro Mercantil de\u00a0Barcelona en el Tomo 10.524 Libro 9.532\u00a0 Inscripci\u00f3n 1\u00aa. TOTSERIMAN, S.L., con NIF n\u00ba B60629375 y [&hellip;]<\/p>\n","protected":false},"author":1,"featured_media":0,"parent":0,"menu_order":0,"comment_status":"closed","ping_status":"closed","template":"elementor_header_footer","meta":{"footnotes":""},"class_list":["post-287","page","type-page","status-publish","hentry"],"_links":{"self":[{"href":"https:\/\/grupoms.es\/index.php?rest_route=\/wp\/v2\/pages\/287","targetHints":{"allow":["GET"]}}],"collection":[{"href":"https:\/\/grupoms.es\/index.php?rest_route=\/wp\/v2\/pages"}],"about":[{"href":"https:\/\/grupoms.es\/index.php?rest_route=\/wp\/v2\/types\/page"}],"author":[{"embeddable":true,"href":"https:\/\/grupoms.es\/index.php?rest_route=\/wp\/v2\/users\/1"}],"replies":[{"embeddable":true,"href":"https:\/\/grupoms.es\/index.php?rest_route=%2Fwp%2Fv2%2Fcomments&post=287"}],"version-history":[{"count":5,"href":"https:\/\/grupoms.es\/index.php?rest_route=\/wp\/v2\/pages\/287\/revisions"}],"predecessor-version":[{"id":560,"href":"https:\/\/grupoms.es\/index.php?rest_route=\/wp\/v2\/pages\/287\/revisions\/560"}],"wp:attachment":[{"href":"https:\/\/grupoms.es\/index.php?rest_route=%2Fwp%2Fv2%2Fmedia&parent=287"}],"curies":[{"name":"wp","href":"https:\/\/api.w.org\/{rel}","templated":true}]}}