{"id":561,"date":"2026-03-19T17:16:21","date_gmt":"2026-03-19T17:16:21","guid":{"rendered":"https:\/\/grupoms.es\/?page_id=561"},"modified":"2026-03-19T17:17:47","modified_gmt":"2026-03-19T17:17:47","slug":"canal-interno-de-informacion","status":"publish","type":"page","link":"https:\/\/grupoms.es\/?page_id=561","title":{"rendered":"Canal Interno de Informaci\u00f3n"},"content":{"rendered":"\n<p>El presente canal est\u00e1 dedicado exclusivamente para dirigir denuncias por incumplimientos legales de la organizaci\u00f3n o sus integrantes, en los t\u00e9rminos y condiciones de la Ley 2\/2023, de 20 de febrero, reguladora de la protecci\u00f3n de las personas que informen sobre infracciones normativas y de lucha contra la corrupci\u00f3n.<\/p>\n\n\n\n<p>Si tiene cualquier duda sobre otras cuestiones puede contactarnos a trav\u00e9s de otros canales disponibles en la p\u00e1gina web.<\/p>\n\n\n\n<h4 class=\"wp-block-heading\"><strong>\u00bfQu\u00e9 se consideran incumplimientos normativos?<\/strong><\/h4>\n\n\n\n<p>Sin \u00e1nimo excluyente ni limitativo, se consideran:<\/p>\n\n\n\n<ul class=\"wp-block-list\">\n<li>Fraudes y estafas<\/li>\n\n\n\n<li>Blanqueo de capitales<\/li>\n\n\n\n<li>Evasi\u00f3n o elusi\u00f3n de impuestos<\/li>\n\n\n\n<li>Delitos contra la propiedad intelectual o industrial<\/li>\n\n\n\n<li>Competencia desleal<\/li>\n\n\n\n<li>Delitos contra el mercado o los consumidores<\/li>\n\n\n\n<li>Corrupci\u00f3n interna<\/li>\n\n\n\n<li>Irregularidades con la Seguridad Social o la Agencia Tributaria<\/li>\n\n\n\n<li>Incumplimiento de la normativa sobre protecci\u00f3n de datos<\/li>\n\n\n\n<li>Revelaci\u00f3n de secretos empresariales<\/li>\n\n\n\n<li>Malversaci\u00f3n<\/li>\n\n\n\n<li>Delitos contra el medio ambiente y la salud p\u00fablica<\/li>\n\n\n\n<li>Vulneraci\u00f3n de derechos de los trabajadores<\/li>\n<\/ul>\n\n\n\n<p>Algunas de las situaciones que se podr\u00edan denunciar por esta v\u00eda son:<\/p>\n\n\n\n<ul class=\"wp-block-list\">\n<li>posibles conductas y comportamientos considerados ilegales con el desempe\u00f1o del trabajo,<\/li>\n\n\n\n<li>presunta gesti\u00f3n lucrativa de recursos de la empresa,<\/li>\n\n\n\n<li>situaciones de discriminaci\u00f3n o abuso sexual,<\/li>\n\n\n\n<li>pr\u00e1cticas de corrupci\u00f3n, robos, fraudes, etc.<\/li>\n<\/ul>\n\n\n\n<h4 class=\"wp-block-heading\"><strong>\u00bfQui\u00e9n puede presentar una comunicaci\u00f3n?<\/strong><\/h4>\n\n\n\n<p>Cualquier persona de la empresa y aquellas personas externas que est\u00e9n o hayan estado vinculadas o relacionadas a con la misma en un contexto laboral o profesional. &nbsp;<\/p>\n\n\n\n<h4 class=\"wp-block-heading\"><strong>\u00bfC\u00f3mo puedo realizar una comunicaci\u00f3n?<\/strong><\/h4>\n\n\n\n<p>Se puede cursar de forma verbal, escrita o presencial siguiendo los pasos indicados en el formulario del Canal confidencial de denuncias. Asimismo, la comunicaci\u00f3n puede ser an\u00f3nima.<\/p>\n\n\n\n<h4 class=\"wp-block-heading\"><strong>\u00bfC\u00f3mo se tramitar\u00e1 la comunicaci\u00f3n?<\/strong><\/h4>\n\n\n\n<p>Se tramitar\u00e1 garantizando la confidencialidad y prohibici\u00f3n de represalias a la persona informante.<\/p>\n\n\n\n<h4 class=\"wp-block-heading\"><strong>\u00bfQu\u00e9 principios asisten a la persona informante?<\/strong><\/h4>\n\n\n\n<p>El sistema interno de informaci\u00f3n re\u00fane las garant\u00edas de confidencialidad, no represalias, respeto a la independencia, la protecci\u00f3n de datos, secreto de las comunicaciones y las pr\u00e1cticas correctas de seguimiento, investigaci\u00f3n y protecci\u00f3n de la persona informante.<\/p>\n\n\n\n<div style=\"height:25px\" aria-hidden=\"true\" class=\"wp-block-spacer\"><\/div>\n\n\n\n<div class=\"wp-block-buttons is-layout-flex wp-block-buttons-is-layout-flex\">\n<div class=\"wp-block-button\"><a class=\"wp-block-button__link wp-element-button\" href=\"https:\/\/canal-etico.lant-abogados.com\/Specific\/MVistaPublica?codiClient=MDAxOTUx&amp;secure=182081.0\"><strong>Accede<\/strong><\/a><\/div>\n<\/div>\n\n\n\n<div style=\"height:50px\" aria-hidden=\"true\" class=\"wp-block-spacer\"><\/div>\n","protected":false},"excerpt":{"rendered":"<p>El presente canal est\u00e1 dedicado exclusivamente para dirigir denuncias por incumplimientos legales de la organizaci\u00f3n o sus integrantes, en los t\u00e9rminos y condiciones de la Ley 2\/2023, de 20 de febrero, reguladora de la protecci\u00f3n de las personas que informen sobre infracciones normativas y de lucha contra la corrupci\u00f3n. Si tiene cualquier duda sobre otras [&hellip;]<\/p>\n","protected":false},"author":1,"featured_media":0,"parent":0,"menu_order":0,"comment_status":"closed","ping_status":"closed","template":"","meta":{"footnotes":""},"class_list":["post-561","page","type-page","status-publish","hentry"],"_links":{"self":[{"href":"https:\/\/grupoms.es\/index.php?rest_route=\/wp\/v2\/pages\/561","targetHints":{"allow":["GET"]}}],"collection":[{"href":"https:\/\/grupoms.es\/index.php?rest_route=\/wp\/v2\/pages"}],"about":[{"href":"https:\/\/grupoms.es\/index.php?rest_route=\/wp\/v2\/types\/page"}],"author":[{"embeddable":true,"href":"https:\/\/grupoms.es\/index.php?rest_route=\/wp\/v2\/users\/1"}],"replies":[{"embeddable":true,"href":"https:\/\/grupoms.es\/index.php?rest_route=%2Fwp%2Fv2%2Fcomments&post=561"}],"version-history":[{"count":3,"href":"https:\/\/grupoms.es\/index.php?rest_route=\/wp\/v2\/pages\/561\/revisions"}],"predecessor-version":[{"id":565,"href":"https:\/\/grupoms.es\/index.php?rest_route=\/wp\/v2\/pages\/561\/revisions\/565"}],"wp:attachment":[{"href":"https:\/\/grupoms.es\/index.php?rest_route=%2Fwp%2Fv2%2Fmedia&parent=561"}],"curies":[{"name":"wp","href":"https:\/\/api.w.org\/{rel}","templated":true}]}}